{"id":165,"date":"2020-07-20T08:26:22","date_gmt":"2020-07-20T08:26:22","guid":{"rendered":"https:\/\/restoration.fuelthemes.net\/?page_id=165"},"modified":"2022-04-27T15:46:10","modified_gmt":"2022-04-27T13:46:10","slug":"about-us","status":"publish","type":"page","link":"https:\/\/tidann.com\/index.php\/about-us\/","title":{"rendered":"A Propos"},"content":{"rendered":"\n<div style=\"height:30px\" aria-hidden=\"true\" class=\"wp-block-spacer\"><\/div>\n\n\n\n<div class=\"wp-block-media-text is-stacked-on-mobile is-image-fill has-background has-background\" style=\"background-color:#f2ece8\"><figure class=\"wp-block-media-text__media\" style=\"background-image:url(https:\/\/tidann.com\/wp-content\/uploads\/2022\/04\/IMG_7273-768x1024.png);background-position:49% 59%\"><img loading=\"lazy\" decoding=\"async\" width=\"768\" height=\"1024\" src=\"https:\/\/tidann.com\/wp-content\/uploads\/2022\/04\/IMG_7273-768x1024.png\" alt=\"\" class=\"wp-image-443 size-full\" srcset=\"https:\/\/tidann.com\/wp-content\/uploads\/2022\/04\/IMG_7273-768x1024.png 768w, https:\/\/tidann.com\/wp-content\/uploads\/2022\/04\/IMG_7273-225x300.png 225w\" sizes=\"auto, (max-width: 768px) 100vw, 768px\" \/><\/figure><div class=\"wp-block-media-text__content\">\n<p style=\"font-size:14px\">Bienvenue chez Tidann<\/p>\n\n\n\n<h1 class=\"wp-block-heading\">A propos de nous<\/h1>\n\n\n\n<p>Entreprise fran\u00e7aise, Tidann est localis\u00e9e en France et refl\u00e8te l\u2019image de ses archipels. L\u2019entreprise trouve, \u00e0 chaque instant, son inspiration dans la beaut\u00e9 des paysages qui l\u2019entourent. Son amour de la nature et de la beaut\u00e9 du monde naturel l\u2019a incit\u00e9 \u00e0 d\u00e9velopper une boutique en ligne ax\u00e9e sur des cr\u00e9ations en bois, en particulier les accessoires de mode tels que les boucles d\u2019oreilles, les sacs \u00e0 main et des ustensiles comme les dessous de verre ou encore des plateaux.<\/p>\n<\/div><\/div>\n\n\n\n<div style=\"height:80px\" aria-hidden=\"true\" class=\"wp-block-spacer\"><\/div>\n\n\n\n<div class=\"wp-block-columns is-layout-flex wp-container-core-columns-is-layout-9d6595d7 wp-block-columns-is-layout-flex\">\n<div class=\"wp-block-column is-layout-flow wp-block-column-is-layout-flow\" style=\"flex-basis:25%\"><\/div>\n\n\n\n<div class=\"wp-block-column is-layout-flow wp-block-column-is-layout-flow\" style=\"flex-basis:70%\">\n<p><br>Tout comme chaque pi\u00e8ce de bois est unique, chacun de nos produits fait \u00e0 la main l\u2019est aussi et prend le caract\u00e8re et la nuance du grain de bois sp\u00e9cifique \u00e0 partir duquel il est cr\u00e9\u00e9.<br>Tidann se concentre sur des cr\u00e9ations en bois contemporaines et tendance qui sont emball\u00e9es par nos soins.<\/p>\n\n\n\n<p>Tidann travaille dur pour s\u2019assurer que vous \u00eates 100% satisfait de ses cr\u00e9ations. Tous nos produits sont sp\u00e9cialement fabriqu\u00e9s \u00e0 la main \u00e0 partir de bois de qualit\u00e9, aboutissant \u00e0 un superbe achat unique en son genre pour vous-m\u00eame ou vos proches. Nous nous effor\u00e7ons de trouver de beaux cadeaux en bois pour ravir et captiver.&nbsp;Nous fournissons des services suppl\u00e9mentaires tels que la personnalisation et la gravure selon vos besoins.<br><br>Le service \u00e0 la client\u00e8le est et sera toujours une priorit\u00e9 pour nous.<br>Chez Tidann, nous nous effor\u00e7ons continuellement d\u2019offrir une large gamme de produits en bois haut de gammes \u00e0 des prix abordables. Maintenir les co\u00fbts aussi bas que possible, sans affecter le niveau de service ou la qualit\u00e9 de nos produits, est une priorit\u00e9 majeure de notre fonctionnement. A travers tous nos efforts, nous restons totalement attach\u00e9s \u00e0 notre objectif initial de durabilit\u00e9, soutenu par une \u00e9thique de travail responsable, et une solide r\u00e9putation de marque.<\/p>\n<\/div>\n\n\n\n<div class=\"wp-block-column is-layout-flow wp-block-column-is-layout-flow\" style=\"flex-basis:25%\"><\/div>\n<\/div>\n\n\n\n<p><\/p>\n","protected":false},"excerpt":{"rendered":"<p>Bienvenue chez Tidann A propos de nous Entreprise fran\u00e7aise, Tidann est localis\u00e9e en France et refl\u00e8te l\u2019image de ses archipels. L\u2019entreprise trouve, \u00e0 chaque instant, son inspiration dans la beaut\u00e9 des paysages qui l\u2019entourent. Son amour de la nature et de la beaut\u00e9 du monde naturel l\u2019a incit\u00e9 \u00e0 d\u00e9velopper une boutique en ligne ax\u00e9e&hellip;<\/p>\n","protected":false},"author":1,"featured_media":0,"parent":0,"menu_order":0,"comment_status":"closed","ping_status":"closed","template":"","meta":{"footnotes":""},"class_list":["post-165","page","type-page","status-publish","hentry"],"jetpack_sharing_enabled":true,"_links":{"self":[{"href":"https:\/\/tidann.com\/index.php\/wp-json\/wp\/v2\/pages\/165","targetHints":{"allow":["GET"]}}],"collection":[{"href":"https:\/\/tidann.com\/index.php\/wp-json\/wp\/v2\/pages"}],"about":[{"href":"https:\/\/tidann.com\/index.php\/wp-json\/wp\/v2\/types\/page"}],"author":[{"embeddable":true,"href":"https:\/\/tidann.com\/index.php\/wp-json\/wp\/v2\/users\/1"}],"replies":[{"embeddable":true,"href":"https:\/\/tidann.com\/index.php\/wp-json\/wp\/v2\/comments?post=165"}],"version-history":[{"count":0,"href":"https:\/\/tidann.com\/index.php\/wp-json\/wp\/v2\/pages\/165\/revisions"}],"wp:attachment":[{"href":"https:\/\/tidann.com\/index.php\/wp-json\/wp\/v2\/media?parent=165"}],"curies":[{"name":"wp","href":"https:\/\/api.w.org\/{rel}","templated":true}]}}