{"id":494,"date":"2022-05-13T17:43:39","date_gmt":"2022-05-13T15:43:39","guid":{"rendered":"https:\/\/tidann.com\/?post_type=product&#038;p=494"},"modified":"2025-05-28T14:01:29","modified_gmt":"2025-05-28T12:01:29","slug":"plateau-bois-modele-unique-2","status":"publish","type":"product","link":"https:\/\/tidann.com\/index.php\/produit\/plateau-bois-modele-unique-2\/","title":{"rendered":"Plateau bois &#8211; Mod\u00e8le unique"},"content":{"rendered":"<p>Plateau bois massif, mod\u00e8le unique, ext\u00e9rieur bois brul\u00e9, vernis.<\/p>\n<p>H8,2 x L50 x PR33 cm<\/p>\n","protected":false},"excerpt":{"rendered":"<p>Plateau bois, mod\u00e8le unique, ext\u00e9rieur bois brul\u00e9 vernis<\/p>\n","protected":false},"featured_media":498,"comment_status":"open","ping_status":"closed","template":"","meta":[],"product_brand":[],"product_cat":[76],"product_tag":[],"class_list":{"0":"post-494","1":"product","2":"type-product","3":"status-publish","4":"has-post-thumbnail","6":"product_cat-plateau","8":"first","9":"onbackorder","10":"shipping-taxable","11":"purchasable","12":"product-type-simple"},"jetpack_sharing_enabled":true,"_links":{"self":[{"href":"https:\/\/tidann.com\/index.php\/wp-json\/wp\/v2\/product\/494","targetHints":{"allow":["GET"]}}],"collection":[{"href":"https:\/\/tidann.com\/index.php\/wp-json\/wp\/v2\/product"}],"about":[{"href":"https:\/\/tidann.com\/index.php\/wp-json\/wp\/v2\/types\/product"}],"replies":[{"embeddable":true,"href":"https:\/\/tidann.com\/index.php\/wp-json\/wp\/v2\/comments?post=494"}],"wp:featuredmedia":[{"embeddable":true,"href":"https:\/\/tidann.com\/index.php\/wp-json\/wp\/v2\/media\/498"}],"wp:attachment":[{"href":"https:\/\/tidann.com\/index.php\/wp-json\/wp\/v2\/media?parent=494"}],"wp:term":[{"taxonomy":"product_brand","embeddable":true,"href":"https:\/\/tidann.com\/index.php\/wp-json\/wp\/v2\/product_brand?post=494"},{"taxonomy":"product_cat","embeddable":true,"href":"https:\/\/tidann.com\/index.php\/wp-json\/wp\/v2\/product_cat?post=494"},{"taxonomy":"product_tag","embeddable":true,"href":"https:\/\/tidann.com\/index.php\/wp-json\/wp\/v2\/product_tag?post=494"}],"curies":[{"name":"wp","href":"https:\/\/api.w.org\/{rel}","templated":true}]}}