{"id":540,"date":"2022-10-12T11:42:58","date_gmt":"2022-10-12T09:42:58","guid":{"rendered":"https:\/\/tidann.com\/?post_type=product&#038;p=540"},"modified":"2026-02-12T14:50:06","modified_gmt":"2026-02-12T13:50:06","slug":"porte-cles-personnalise-nom-prenom-surnom","status":"publish","type":"product","link":"https:\/\/tidann.com\/index.php\/produit\/porte-cles-personnalise-nom-prenom-surnom\/","title":{"rendered":"Porte Cl\u00e9s Personnalis\u00e9 &#8211; Nom, Pr\u00e9nom, Surnom"},"content":{"rendered":"<p>Quoi de mieux qu\u2019un cadeau original pour une personne sp\u00e9ciale.<br \/>\n\ud83d\ude0a Le porte-cl\u00e9s en bois avec un style unique et personnalis\u00e9 ! \ud83e\udd17<br \/>\nN\u2019h\u00e9sitez plus \u00e0 vous faire plaisir ou \u00e0 faire plaisir \u00e0 chaque occasion : anniversaire, mariage, Saint Valentin, bapt\u00eame, f\u00eate des p\u00e8res, f\u00eate des m\u00e8res, No\u00ebl mais aussi cadeauter vos collaborateurs et vos clients.<\/p>\n<p>Tout les porte cl\u00e9s sont vitrifi\u00e9 afin d\u2019augmenter sa r\u00e9sistance au temps et \u00e0 l&rsquo;eau.<\/p>\n","protected":false},"excerpt":{"rendered":"<p>Porte Cl\u00e9 en bois personnalis\u00e9 avec nom, pr\u00e9nom, surnom de votre choix<\/p>\n","protected":false},"featured_media":550,"comment_status":"open","ping_status":"closed","template":"","meta":[],"product_brand":[],"product_cat":[77],"product_tag":[],"class_list":{"0":"post-540","1":"product","2":"type-product","3":"status-publish","4":"has-post-thumbnail","6":"product_cat-porte-cles","8":"first","9":"instock","10":"shipping-taxable","11":"purchasable","12":"product-type-simple"},"jetpack_sharing_enabled":true,"_links":{"self":[{"href":"https:\/\/tidann.com\/index.php\/wp-json\/wp\/v2\/product\/540","targetHints":{"allow":["GET"]}}],"collection":[{"href":"https:\/\/tidann.com\/index.php\/wp-json\/wp\/v2\/product"}],"about":[{"href":"https:\/\/tidann.com\/index.php\/wp-json\/wp\/v2\/types\/product"}],"replies":[{"embeddable":true,"href":"https:\/\/tidann.com\/index.php\/wp-json\/wp\/v2\/comments?post=540"}],"wp:featuredmedia":[{"embeddable":true,"href":"https:\/\/tidann.com\/index.php\/wp-json\/wp\/v2\/media\/550"}],"wp:attachment":[{"href":"https:\/\/tidann.com\/index.php\/wp-json\/wp\/v2\/media?parent=540"}],"wp:term":[{"taxonomy":"product_brand","embeddable":true,"href":"https:\/\/tidann.com\/index.php\/wp-json\/wp\/v2\/product_brand?post=540"},{"taxonomy":"product_cat","embeddable":true,"href":"https:\/\/tidann.com\/index.php\/wp-json\/wp\/v2\/product_cat?post=540"},{"taxonomy":"product_tag","embeddable":true,"href":"https:\/\/tidann.com\/index.php\/wp-json\/wp\/v2\/product_tag?post=540"}],"curies":[{"name":"wp","href":"https:\/\/api.w.org\/{rel}","templated":true}]}}