{"id":801,"date":"2024-11-19T00:57:40","date_gmt":"2024-11-18T23:57:40","guid":{"rendered":"https:\/\/tidann.com\/?post_type=product&#038;p=801"},"modified":"2025-11-12T05:38:00","modified_gmt":"2025-11-12T04:38:00","slug":"planche-a-decouper-colibri","status":"publish","type":"product","link":"https:\/\/tidann.com\/index.php\/produit\/planche-a-decouper-colibri\/","title":{"rendered":"Planche \u00e0 D\u00e9couper &#8211; Colibri"},"content":{"rendered":"<p>Ajoutez une touche d\u2019\u00e9l\u00e9gance artisanale \u00e0 votre cuisine avec cette superbe planche \u00e0 d\u00e9couper en bois de ch\u00eane, orn\u00e9e de motifs uniques en r\u00e9sine \u00e9poxy. Chaque planche est ponc\u00e9e pour une finition lisse et soyeuse et trait\u00e9e avec de l&rsquo;huile min\u00e9rale de qualit\u00e9 alimentaire.<br \/>\nCon\u00e7ue pour allier design et fonctionnalit\u00e9, cette planche est id\u00e9ale pour les amateurs de cuisine et les amoureux de belles pi\u00e8ces artisanales. Parfaite pour la d\u00e9coupe, le service et la d\u00e9coration.<\/p>\n<p>Caract\u00e9ristiques :<br \/>\n        Double usage :<br \/>\n\t\u2022\tC\u00f4t\u00e9 d\u00e9coupe : une surface robuste en ch\u00eane, parfaite pour hacher, trancher ou pr\u00e9parer vos aliments.<br \/>\n\t\u2022\tC\u00f4t\u00e9 pr\u00e9sentoir : un design artistique en \u00e9poxy certifi\u00e9 contact alimentaire qui sublimera vos tables et pr\u00e9sentations culinaires.<br \/>\n\t\u2022\tMat\u00e9riau haut de gamme : bois de ch\u00eane durable et r\u00e9sistant, r\u00e9put\u00e9 pour sa solidit\u00e9 et sa long\u00e9vit\u00e9.<br \/>\n\t\u2022\tHygi\u00e8ne et entretien : facile \u00e0 nettoyer, la surface en bois est naturellement antibact\u00e9rienne lorsqu\u2019elle est entretenue avec soin.<br \/>\n\t\u2022\tPi\u00e8ce unique : chaque planche est fabriqu\u00e9e \u00e0 la main, ce qui en fait un produit exclusif avec des motifs et finitions distincts.<\/p>\n<p>Pourquoi choisir cette planche ?<br \/>\nEn plus d\u2019\u00eatre un outil indispensable pour vos pr\u00e9parations culinaires, cette planche \u00e0 d\u00e9couper devient un v\u00e9ritable \u00e9l\u00e9ment d\u00e9coratif. Son c\u00f4t\u00e9 pr\u00e9sentoir fera sensation aupr\u00e8s de vos invit\u00e9s, que ce soit pour servir des amuse-bouches, du fromage ou de le charcuterie.<\/p>\n<p>Dimensions : 48&#215;24,8&#215;1,8 cm<br \/>\nEntretien : Nettoyage \u00e0 la main recommand\u00e9. Ne pas mettre au lave-vaisselle. Ne pas tremper dans l&rsquo;eau.<\/p>\n<p>Faites de chaque repas une exp\u00e9rience unique gr\u00e2ce \u00e0 cette planche \u00e0 d\u00e9couper esth\u00e9tique et fonctionnelle. Parfaite aussi comme id\u00e9e cadeau pour les amateurs de cuisine et de design !<\/p>\n<p>Commandez d\u00e8s maintenant et offrez vous une touche d\u2019\u00e9l\u00e9gance intemporelle.<\/p>\n","protected":false},"excerpt":{"rendered":"<p>Ajoutez une touche d\u2019\u00e9l\u00e9gance artisanale \u00e0 votre cuisine avec cette superbe planche \u00e0 d\u00e9couper en bois de ch\u00eane, orn\u00e9e de motifs uniques en r\u00e9sine \u00e9poxy. Chaque planche est ponc\u00e9e pour une finition lisse et soyeuse et trait\u00e9e avec de l&rsquo;huile min\u00e9rale de qualit\u00e9 alimentaire.<br \/>\nCon\u00e7ue pour allier design et fonctionnalit\u00e9, cette planche est id\u00e9ale pour les amateurs de cuisine et les amoureux de belles pi\u00e8ces artisanales. Parfaite pour la d\u00e9coupe, le service et la d\u00e9coration.<\/p>\n","protected":false},"featured_media":802,"comment_status":"open","ping_status":"closed","template":"","meta":[],"product_brand":[],"product_cat":[89],"product_tag":[93,91,92,86,94,90],"class_list":{"0":"post-801","1":"product","2":"type-product","3":"status-publish","4":"has-post-thumbnail","6":"product_cat-planche-a-decouper","7":"product_tag-apero","8":"product_tag-charcuterie","9":"product_tag-cuisine","10":"product_tag-decoration","11":"product_tag-fromage","12":"product_tag-planche","14":"first","15":"instock","16":"shipping-taxable","17":"purchasable","18":"product-type-simple"},"jetpack_sharing_enabled":true,"_links":{"self":[{"href":"https:\/\/tidann.com\/index.php\/wp-json\/wp\/v2\/product\/801","targetHints":{"allow":["GET"]}}],"collection":[{"href":"https:\/\/tidann.com\/index.php\/wp-json\/wp\/v2\/product"}],"about":[{"href":"https:\/\/tidann.com\/index.php\/wp-json\/wp\/v2\/types\/product"}],"replies":[{"embeddable":true,"href":"https:\/\/tidann.com\/index.php\/wp-json\/wp\/v2\/comments?post=801"}],"wp:featuredmedia":[{"embeddable":true,"href":"https:\/\/tidann.com\/index.php\/wp-json\/wp\/v2\/media\/802"}],"wp:attachment":[{"href":"https:\/\/tidann.com\/index.php\/wp-json\/wp\/v2\/media?parent=801"}],"wp:term":[{"taxonomy":"product_brand","embeddable":true,"href":"https:\/\/tidann.com\/index.php\/wp-json\/wp\/v2\/product_brand?post=801"},{"taxonomy":"product_cat","embeddable":true,"href":"https:\/\/tidann.com\/index.php\/wp-json\/wp\/v2\/product_cat?post=801"},{"taxonomy":"product_tag","embeddable":true,"href":"https:\/\/tidann.com\/index.php\/wp-json\/wp\/v2\/product_tag?post=801"}],"curies":[{"name":"wp","href":"https:\/\/api.w.org\/{rel}","templated":true}]}}